{"id":187,"date":"2020-03-04T11:16:29","date_gmt":"2020-03-04T11:16:29","guid":{"rendered":"https:\/\/demo.casethemes.net\/alico\/?page_id=187"},"modified":"2020-03-04T11:16:29","modified_gmt":"2020-03-04T11:16:29","slug":"blog-grid-2-columns-sidebar-right","status":"publish","type":"page","link":"https:\/\/adapteos.com\/?page_id=187","title":{"rendered":"Blog Grid 2 Columns + Sidebar Right"},"content":{"rendered":"\t\t<div data-elementor-type=\"wp-page\" data-elementor-id=\"187\" class=\"elementor elementor-187\">\n\t\t\t\t        <section class=\"elementor-section elementor-top-section elementor-element elementor-element-58f07d0 elementor-section-boxed elementor-section-height-default elementor-section-height-default\" data-id=\"58f07d0\" data-element_type=\"section\">\n            \n                        <div class=\"elementor-container elementor-column-gap-extended \">\n                    <div class=\"elementor-column elementor-col-100 elementor-top-column elementor-element elementor-element-3763432\" data-id=\"3763432\" data-element_type=\"column\">\n        <div class=\"elementor-widget-wrap elementor-element-populated\">\n                    \n        \t\t<div class=\"elementor-element elementor-element-5e7d845 elementor-widget elementor-widget-ct_blog_grid\" data-id=\"5e7d845\" data-element_type=\"widget\" data-widget_type=\"ct_blog_grid.default\">\n\t\t\t\t<div class=\"elementor-widget-container\">\n\t\t\t\r\n<div id=\"ct_blog_grid-5e7d845\" class=\"ct-grid ct-blog-grid ct-blog-grid-layout2\" data-layout=\"masonry\" data-start-page=\"1\" data-max-pages=\"1\" data-total=\"3\" data-perpage=\"6\" data-next-link=\"\">\r\n    <div class=\"ct-grid-overlay\"><\/div>\r\n    \r\n    <div class=\"ct-grid-inner ct-grid-masonry row animate-time\" data-gutter=\"15\">\r\n                    <div class=\"grid-sizer col-xl-6 col-lg-6 col-md-6 col-sm-6 col-12\"><\/div>\r\n                                <div class=\"grid-item col-xl-6 col-lg-6 col-md-6 col-sm-6 col-12 handicap\">\r\n                    <div class=\"grid-item-inner \" data-wow-duration=\"1.2s\">\r\n                                                    <div class=\"entry-featured\">\r\n                                                                    <div class=\"item-date\">\r\n                                        <span>19<\/span>\r\n                                        <span>Feb<\/span>\r\n                                    <\/div>\r\n                                                                <a href=\"https:\/\/adapteos.com\/?p=4574\"><img fetchpriority=\"high\" decoding=\"async\" class=\"\" src=\"https:\/\/adapteos.com\/wp-content\/uploads\/2024\/02\/AdobeStock_583934382-1-scaled-600x600.jpeg\" width=\"600\" height=\"600\" alt=\"Asian senior or elderly old lady woman patient use toilet bathroom handle security in nursing hospital, healthy strong medical concept.\" title=\"Asian senior or elderly old lady woman patient use toilet bathroom handle security in nursing hospital, healthy strong medical concept.\" \/><\/a>\r\n                            <\/div>\r\n                                                <div class=\"entry-body\">\r\n                            <div class=\"entry-holder\">\r\n                                <h3 class=\"entry-title\"><a href=\"https:\/\/adapteos.com\/?p=4574\">Les options d&#8217;adaptation d&#8217;une salle de bain pour les personnes \u00e0 mobilit\u00e9 r\u00e9duite<\/a><\/h3>\r\n                                                                    <ul class=\"entry-meta\">\r\n                                                                                    <li class=\"item-author\">\r\n                                                <a href=\"https:\/\/adapteos.com\/?author=1\"><i class=\"fac fac-user\"><\/i>covimet94@gmail.com<\/a><\/li>\r\n                                                                                                                            <li class=\"item-comment\"><i class=\"fac fac-comments\"><\/i>0 Comments<\/li>\r\n                                                                            <\/ul>\r\n                                                                                                    <div class=\"item--content\">\r\n                                                                            <\/div>\r\n                                                                                                    <div class=\"entry-readmore\">\r\n                                        <a class=\"btn-text\" href=\"https:\/\/adapteos.com\/?p=4574\">\r\n                                            Read more                                            <i class=\"fac fac-angle-double-right space-left\"><\/i>\r\n                                        <\/a>\r\n                                    <\/div>\r\n                                                            <\/div>\r\n                        <\/div>\r\n                    <\/div>\r\n                <\/div>\r\n                            <div class=\"grid-item col-xl-6 col-lg-6 col-md-6 col-sm-6 col-12 handicap\">\r\n                    <div class=\"grid-item-inner \" data-wow-duration=\"1.2s\">\r\n                                                    <div class=\"entry-featured\">\r\n                                                                    <div class=\"item-date\">\r\n                                        <span>19<\/span>\r\n                                        <span>Feb<\/span>\r\n                                    <\/div>\r\n                                                                <a href=\"https:\/\/adapteos.com\/?p=4568\"><img decoding=\"async\" class=\"\" src=\"https:\/\/adapteos.com\/wp-content\/uploads\/2024\/02\/AdobeStock_227433787-1-scaled-600x600.jpeg\" width=\"600\" height=\"600\" alt=\"Many stairs. Horizontal image of depressed disabled man sitting in the wheelchair and facing the difficulties with climbing the stairs alone\" title=\"Laconic image of disabled man sitting in front of the stairs\" \/><\/a>\r\n                            <\/div>\r\n                                                <div class=\"entry-body\">\r\n                            <div class=\"entry-holder\">\r\n                                <h3 class=\"entry-title\"><a href=\"https:\/\/adapteos.com\/?p=4568\">Les solutions pour adapter un logement aux personnes handicap\u00e9es<\/a><\/h3>\r\n                                                                    <ul class=\"entry-meta\">\r\n                                                                                    <li class=\"item-author\">\r\n                                                <a href=\"https:\/\/adapteos.com\/?author=1\"><i class=\"fac fac-user\"><\/i>covimet94@gmail.com<\/a><\/li>\r\n                                                                                                                            <li class=\"item-comment\"><i class=\"fac fac-comments\"><\/i>0 Comments<\/li>\r\n                                                                            <\/ul>\r\n                                                                                                    <div class=\"item--content\">\r\n                                                                            <\/div>\r\n                                                                                                    <div class=\"entry-readmore\">\r\n                                        <a class=\"btn-text\" href=\"https:\/\/adapteos.com\/?p=4568\">\r\n                                            Read more                                            <i class=\"fac fac-angle-double-right space-left\"><\/i>\r\n                                        <\/a>\r\n                                    <\/div>\r\n                                                            <\/div>\r\n                        <\/div>\r\n                    <\/div>\r\n                <\/div>\r\n                            <div class=\"grid-item col-xl-6 col-lg-6 col-md-6 col-sm-6 col-12 handicap\">\r\n                    <div class=\"grid-item-inner \" data-wow-duration=\"1.2s\">\r\n                                                    <div class=\"entry-featured\">\r\n                                                                    <div class=\"item-date\">\r\n                                        <span>19<\/span>\r\n                                        <span>Feb<\/span>\r\n                                    <\/div>\r\n                                                                <a href=\"https:\/\/adapteos.com\/?p=4558\"><img decoding=\"async\" class=\"\" src=\"https:\/\/adapteos.com\/wp-content\/uploads\/2024\/02\/AdobeStock_89437749-2-scaled-600x600.jpeg\" width=\"600\" height=\"600\" alt=\"584625\" title=\"Composite image of cute disabled pupil smiling at camera in hall\" \/><\/a>\r\n                            <\/div>\r\n                                                <div class=\"entry-body\">\r\n                            <div class=\"entry-holder\">\r\n                                <h3 class=\"entry-title\"><a href=\"https:\/\/adapteos.com\/?p=4558\">Favoriser l&#8217;autonomie des enfants handicap\u00e9s dans leur environnement domestique<\/a><\/h3>\r\n                                                                    <ul class=\"entry-meta\">\r\n                                                                                    <li class=\"item-author\">\r\n                                                <a href=\"https:\/\/adapteos.com\/?author=1\"><i class=\"fac fac-user\"><\/i>covimet94@gmail.com<\/a><\/li>\r\n                                                                                                                            <li class=\"item-comment\"><i class=\"fac fac-comments\"><\/i>0 Comments<\/li>\r\n                                                                            <\/ul>\r\n                                                                                                    <div class=\"item--content\">\r\n                                                                            <\/div>\r\n                                                                                                    <div class=\"entry-readmore\">\r\n                                        <a class=\"btn-text\" href=\"https:\/\/adapteos.com\/?p=4558\">\r\n                                            Read more                                            <i class=\"fac fac-angle-double-right space-left\"><\/i>\r\n                                        <\/a>\r\n                                    <\/div>\r\n                                                            <\/div>\r\n                        <\/div>\r\n                    <\/div>\r\n                <\/div>\r\n                <\/div>\r\n            <div class=\"ct-grid-pagination\" data-loadmore=\"{&quot;startPage&quot;:1,&quot;maxPages&quot;:1,&quot;total&quot;:3,&quot;perpage&quot;:&quot;6&quot;,&quot;nextLink&quot;:&quot;&quot;,&quot;source&quot;:&quot;&quot;,&quot;orderby&quot;:&quot;date&quot;,&quot;order&quot;:&quot;desc&quot;,&quot;limit&quot;:&quot;6&quot;,&quot;post_ids&quot;:&quot;&quot;,&quot;col_xl&quot;:6,&quot;col_lg&quot;:6,&quot;col_md&quot;:6,&quot;col_sm&quot;:6,&quot;col_xs&quot;:12,&quot;thumbnail_size&quot;:&quot;custom&quot;,&quot;thumbnail_custom_dimension&quot;:{&quot;width&quot;:&quot;600&quot;,&quot;height&quot;:&quot;600&quot;},&quot;pagination_type&quot;:&quot;pagination&quot;,&quot;show_author&quot;:&quot;true&quot;,&quot;show_date&quot;:&quot;true&quot;,&quot;show_comment&quot;:&quot;true&quot;,&quot;show_excerpt&quot;:&quot;true&quot;,&quot;num_words&quot;:25,&quot;show_button&quot;:&quot;true&quot;,&quot;button_text&quot;:&quot;&quot;,&quot;ct_animate&quot;:&quot;&quot;,&quot;template_type&quot;:&quot;post_grid_layout2&quot;,&quot;tax&quot;:[&quot;category&quot;]}\" data-query=\"{&quot;post_type&quot;:&quot;post&quot;,&quot;posts_per_page&quot;:6,&quot;order&quot;:&quot;desc&quot;,&quot;orderby&quot;:&quot;date&quot;,&quot;tax_query&quot;:{&quot;relation&quot;:&quot;OR&quot;},&quot;post__not_in&quot;:[187]}\">\r\n                    <\/div>\r\n        <\/div>\t\t<\/div>\n\t\t\t\t<\/div>\n\t\t            <\/div>\n        <\/div>\n                    <\/div>\n        <\/section>\n        \t\t<\/div>\n\t\t","protected":false},"excerpt":{"rendered":"<p>15 Mar Strategy for Norway&#8217;s Peion to Fund Global. admin 2 Comments At vero eos et accusamus et iustoodio digni goikussimos ducimus qui blanp ditiis praesum voluum. Read more 25 Feb What we are capable to usually discovered. admin 2 Comments At vero eos et accusamus et iustoodio digni goikussimos ducimus qui blanp ditiis praesum [&hellip;]<\/p>\n","protected":false},"author":1,"featured_media":0,"parent":0,"menu_order":0,"comment_status":"closed","ping_status":"closed","template":"","meta":{"footnotes":""},"class_list":["post-187","page","type-page","status-publish","hentry"],"yoast_head":"<!-- This site is optimized with the Yoast SEO plugin v22.0 - https:\/\/yoast.com\/wordpress\/plugins\/seo\/ -->\n<title>Blog Grid 2 Columns + Sidebar Right - Adapteos votre partenaire autonomie<\/title>\n<meta name=\"robots\" content=\"index, follow, max-snippet:-1, max-image-preview:large, max-video-preview:-1\" \/>\n<link rel=\"canonical\" href=\"http:\/\/adapteos.com\/?page_id=187\" \/>\n<meta property=\"og:locale\" content=\"en_US\" \/>\n<meta property=\"og:type\" content=\"article\" \/>\n<meta property=\"og:title\" content=\"Blog Grid 2 Columns + Sidebar Right - Adapteos votre partenaire autonomie\" \/>\n<meta property=\"og:description\" content=\"15 Mar Strategy for Norway&#8217;s Peion to Fund Global. admin 2 Comments At vero eos et accusamus et iustoodio digni goikussimos ducimus qui blanp ditiis praesum voluum. Read more 25 Feb What we are capable to usually discovered. admin 2 Comments At vero eos et accusamus et iustoodio digni goikussimos ducimus qui blanp ditiis praesum [&hellip;]\" \/>\n<meta property=\"og:url\" content=\"http:\/\/adapteos.com\/?page_id=187\" \/>\n<meta property=\"og:site_name\" content=\"Adapteos votre partenaire autonomie\" \/>\n<meta property=\"og:image\" content=\"https:\/\/adapteos.com\/wp-content\/uploads\/2020\/03\/theme-10-600x600.jpg\" \/>\n<meta name=\"twitter:card\" content=\"summary_large_image\" \/>\n<meta name=\"twitter:label1\" content=\"Est. reading time\" \/>\n\t<meta name=\"twitter:data1\" content=\"1 minute\" \/>\n<script type=\"application\/ld+json\" class=\"yoast-schema-graph\">{\"@context\":\"https:\/\/schema.org\",\"@graph\":[{\"@type\":\"WebPage\",\"@id\":\"http:\/\/adapteos.com\/?page_id=187\",\"url\":\"http:\/\/adapteos.com\/?page_id=187\",\"name\":\"Blog Grid 2 Columns + Sidebar Right - Adapteos votre partenaire autonomie\",\"isPartOf\":{\"@id\":\"https:\/\/adapteos.com\/#website\"},\"datePublished\":\"2020-03-04T11:16:29+00:00\",\"dateModified\":\"2020-03-04T11:16:29+00:00\",\"breadcrumb\":{\"@id\":\"http:\/\/adapteos.com\/?page_id=187#breadcrumb\"},\"inLanguage\":\"en-US\",\"potentialAction\":[{\"@type\":\"ReadAction\",\"target\":[\"http:\/\/adapteos.com\/?page_id=187\"]}]},{\"@type\":\"BreadcrumbList\",\"@id\":\"http:\/\/adapteos.com\/?page_id=187#breadcrumb\",\"itemListElement\":[{\"@type\":\"ListItem\",\"position\":1,\"name\":\"Home\",\"item\":\"https:\/\/adapteos.com\/\"},{\"@type\":\"ListItem\",\"position\":2,\"name\":\"Blog Grid 2 Columns + Sidebar Right\"}]},{\"@type\":\"WebSite\",\"@id\":\"https:\/\/adapteos.com\/#website\",\"url\":\"https:\/\/adapteos.com\/\",\"name\":\"Adapteos votre partenaire autonomie\",\"description\":\"\",\"publisher\":{\"@id\":\"https:\/\/adapteos.com\/#organization\"},\"potentialAction\":[{\"@type\":\"SearchAction\",\"target\":{\"@type\":\"EntryPoint\",\"urlTemplate\":\"https:\/\/adapteos.com\/?s={search_term_string}\"},\"query-input\":\"required name=search_term_string\"}],\"inLanguage\":\"en-US\"},{\"@type\":\"Organization\",\"@id\":\"https:\/\/adapteos.com\/#organization\",\"name\":\"Adapteos votre partenaire autonomie\",\"url\":\"https:\/\/adapteos.com\/\",\"logo\":{\"@type\":\"ImageObject\",\"inLanguage\":\"en-US\",\"@id\":\"https:\/\/adapteos.com\/#\/schema\/logo\/image\/\",\"url\":\"\",\"contentUrl\":\"\",\"caption\":\"Adapteos votre partenaire autonomie \"},\"image\":{\"@id\":\"https:\/\/adapteos.com\/#\/schema\/logo\/image\/\"}}]}<\/script>\n<!-- \/ Yoast SEO plugin. -->","yoast_head_json":{"title":"Blog Grid 2 Columns + Sidebar Right - Adapteos votre partenaire autonomie","robots":{"index":"index","follow":"follow","max-snippet":"max-snippet:-1","max-image-preview":"max-image-preview:large","max-video-preview":"max-video-preview:-1"},"canonical":"http:\/\/adapteos.com\/?page_id=187","og_locale":"en_US","og_type":"article","og_title":"Blog Grid 2 Columns + Sidebar Right - Adapteos votre partenaire autonomie","og_description":"15 Mar Strategy for Norway&#8217;s Peion to Fund Global. admin 2 Comments At vero eos et accusamus et iustoodio digni goikussimos ducimus qui blanp ditiis praesum voluum. Read more 25 Feb What we are capable to usually discovered. admin 2 Comments At vero eos et accusamus et iustoodio digni goikussimos ducimus qui blanp ditiis praesum [&hellip;]","og_url":"http:\/\/adapteos.com\/?page_id=187","og_site_name":"Adapteos votre partenaire autonomie","og_image":[{"url":"https:\/\/adapteos.com\/wp-content\/uploads\/2020\/03\/theme-10-600x600.jpg"}],"twitter_card":"summary_large_image","twitter_misc":{"Est. reading time":"1 minute"},"schema":{"@context":"https:\/\/schema.org","@graph":[{"@type":"WebPage","@id":"http:\/\/adapteos.com\/?page_id=187","url":"http:\/\/adapteos.com\/?page_id=187","name":"Blog Grid 2 Columns + Sidebar Right - Adapteos votre partenaire autonomie","isPartOf":{"@id":"https:\/\/adapteos.com\/#website"},"datePublished":"2020-03-04T11:16:29+00:00","dateModified":"2020-03-04T11:16:29+00:00","breadcrumb":{"@id":"http:\/\/adapteos.com\/?page_id=187#breadcrumb"},"inLanguage":"en-US","potentialAction":[{"@type":"ReadAction","target":["http:\/\/adapteos.com\/?page_id=187"]}]},{"@type":"BreadcrumbList","@id":"http:\/\/adapteos.com\/?page_id=187#breadcrumb","itemListElement":[{"@type":"ListItem","position":1,"name":"Home","item":"https:\/\/adapteos.com\/"},{"@type":"ListItem","position":2,"name":"Blog Grid 2 Columns + Sidebar Right"}]},{"@type":"WebSite","@id":"https:\/\/adapteos.com\/#website","url":"https:\/\/adapteos.com\/","name":"Adapteos votre partenaire autonomie","description":"","publisher":{"@id":"https:\/\/adapteos.com\/#organization"},"potentialAction":[{"@type":"SearchAction","target":{"@type":"EntryPoint","urlTemplate":"https:\/\/adapteos.com\/?s={search_term_string}"},"query-input":"required name=search_term_string"}],"inLanguage":"en-US"},{"@type":"Organization","@id":"https:\/\/adapteos.com\/#organization","name":"Adapteos votre partenaire autonomie","url":"https:\/\/adapteos.com\/","logo":{"@type":"ImageObject","inLanguage":"en-US","@id":"https:\/\/adapteos.com\/#\/schema\/logo\/image\/","url":"","contentUrl":"","caption":"Adapteos votre partenaire autonomie "},"image":{"@id":"https:\/\/adapteos.com\/#\/schema\/logo\/image\/"}}]}},"_links":{"self":[{"href":"https:\/\/adapteos.com\/index.php?rest_route=\/wp\/v2\/pages\/187","targetHints":{"allow":["GET"]}}],"collection":[{"href":"https:\/\/adapteos.com\/index.php?rest_route=\/wp\/v2\/pages"}],"about":[{"href":"https:\/\/adapteos.com\/index.php?rest_route=\/wp\/v2\/types\/page"}],"author":[{"embeddable":true,"href":"https:\/\/adapteos.com\/index.php?rest_route=\/wp\/v2\/users\/1"}],"replies":[{"embeddable":true,"href":"https:\/\/adapteos.com\/index.php?rest_route=%2Fwp%2Fv2%2Fcomments&post=187"}],"version-history":[{"count":0,"href":"https:\/\/adapteos.com\/index.php?rest_route=\/wp\/v2\/pages\/187\/revisions"}],"wp:attachment":[{"href":"https:\/\/adapteos.com\/index.php?rest_route=%2Fwp%2Fv2%2Fmedia&parent=187"}],"curies":[{"name":"wp","href":"https:\/\/api.w.org\/{rel}","templated":true}]}}